{"id":1526,"date":"2016-12-20T06:36:15","date_gmt":"2016-12-20T05:36:15","guid":{"rendered":"http:\/\/www.unterhoferholz.eu\/rogaa16\/index.php\/impressum\/"},"modified":"2025-03-05T12:25:53","modified_gmt":"2025-03-05T11:25:53","slug":"impressum","status":"publish","type":"page","link":"https:\/\/www.unterhoferholz.eu\/index.php\/impressum\/?lang=it","title":{"rendered":"PRIVACY"},"content":{"rendered":"<div class=\"fusion-fullwidth fullwidth-box fusion-fullwidth-1  fusion-parallax-none nonhundred-percent-fullwidth\" style=\"border-color:#eae9e9;border-bottom-width: 0px;border-top-width: 0px;border-bottom-style: solid;border-top-style: solid;padding-bottom:90px;padding-top:90px;padding-left:0px;padding-right:0px;\"><style type=\"text\/css\" scoped=\"scoped\">.fusion-fullwidth-1 {\n                            padding-left: 0px !important;\n                            padding-right: 0px !important;\n                        }<\/style><div class=\"fusion-row\"><h2>PRIVACY<\/h2>\n<p><b>UNTERHOFER HOLZ<br \/>\n<\/b>Unterhofer Holz des Unterhofer Thomas<br \/>\nI-39054 Klobenstein\/Collalbo (Ritten\/Renon)<br \/>\nS\u00fcdtirol\/Alto Adige<br \/>\nDolomitenweg\/Via delle Dolomiti 13<br \/>\nE-Mail: info@unterhoferholz.eu<br \/>\nPEC-Mail: unterhoferthomas@secure-pec.it<br \/>\nWeb: www.unterhoferholz.eu<br \/>\nMwSt. Nr.\/Part. IVA:\u00a002992790218<br \/>\nSteuernummer\/Codice Fiscale:\u00a0NTRTMS82B15A952M<\/p>\n<p>Ai sensi <strong>REGOLAMENTO (UE) 2016\/679 DEL PARLAMENTO EUROPEO E DEL CONSIGLIO INFORMIAMO<\/strong> che UNTERHOFER HOLZ<b>, <\/b>Unterhofer Holz des Unterhofer Thomas, I-39054 Klobenstein\/Collalbo (Ritten\/Renon), S\u00fcdtirol\/Alto Adige, Dolomitenweg\/Via delle Dolomiti 13 tratta dati personali di clienti e di fornitori e di soggetti che comunicano volontariamente (telefonicamente o via fax o via eMail o tramite registrazione sul nostro sito web) i loro dati anagrafici alla nostra azienda, e di soggetti i cui dati sono stati raccolti presso terzi in occasione, ad esempio, di operazione di acquisizione di dati esterni per informazioni commerciali, elenchi pubblici ecc., nell\u2019ultimo caso trattasi esclusivamente di dati personali di natura comune.<\/p>\n<p>La nostra societ\u00e1 garantisce nell\u2019ambito delle previsioni normative che il trattamento dei dati personali si svolge nel rispetto dei diritti e delle libert\u00e0 fondamentali, nonch\u00e9 della dignit\u00e0 dell\u2019interessato, con particolare riferimento alla riservatezza, all\u2019identit\u00e0 personale e al diritto alla protezione dei dati personali.<\/p>\n<p>Finalit\u00e0 del trattamento:<\/p>\n<ul>\n<li>adempiere agli obblighi di legge, dai regolamenti, dalla normativa comunitaria, da norme civilistiche e fiscali<\/li>\n<li>adempiere agli eventuali obblighi contrattuali nei confronti dell\u00b4interessato<\/li>\n<li>adempiere ad attivit\u00e0 connesse all\u2019attivit\u00e0 economica della nostra societ\u00e0, come compilazione delle anagrafiche e statistiche interne, per la fatturazione, la tenuta della contabilit\u00e0 clienti-fornitori<\/li>\n<li>finalit\u00e0 di tipo commerciale, come invio di informazioni commerciali e materiale pubblicitario (via posta, fax ed e-mail), di marketing e ricerche di mercato<\/li>\n<li>la tutela dei crediti e la gestione dei debiti<\/li>\n<li>finalit\u00e0 assicurative, in particolare per assicurazioni crediti<\/li>\n<li>Ambito di comunicazione e diffusione dei dati.<\/li>\n<\/ul>\n<p>In relazione alle finalit\u00e0 di cui sopra i Suoi dati personali verranno comunicati se necessario:<\/p>\n<ul>\n<li>alle pubbliche amministrazioni ed autorit\u00e0 competenti, ove previsto dalla legge<\/li>\n<li>ad Istituti di credito con i quali la nostra ditta ha rapporti per la gestione dei crediti\/debiti e l\u2019intermediazione finanziaria<\/li>\n<li>a tutte quelle persone fisiche e\/o giuridiche, pubbliche e\/o private (studi di consulenza legale, amministrativa e fiscale, uffici giudiziari, camere di commercio ecc.), quando la comunicazione risulti necessaria o funzionale allo svolgimento della nostra attivit\u00e0<\/li>\n<li>a fornitori\/produttori al fine di gestire i rapporti contrattuali.<\/li>\n<li>I dati personali trattati dalla nostra societ\u00e0 non sono soggetti a diffusione.<\/li>\n<\/ul>\n<p>Quali informazioni raccogliamo dall\u2019utente e per quanto tempo?<\/p>\n<p>1. Informazioni fornite dall\u2019utente e raccolte automaticamente<\/p>\n<p>I dati personali in possesso della nostra ditta sono raccolti direttamente presso la clientela ovvero presso terzi come nell&#8217;ipotesi in cui la ditta acquisisca dati da societ\u00e0 esterne a fini di informazioni commerciali, ricerche di mercato, offerte dirette di prodotti o servizi. Per quest&#8217;ultima tipologia di dati sar\u00e0 fornita un&#8217;informativa all&#8217;atto della loro registrazione o comunque non oltre la prima eventuale comunicazione.<\/p>\n<p>Pu\u00f2 accadere, inoltre, che la nostra ditta in relazione a operazioni richieste dal cliente venga in possesso di dati che la legge definisce come \u201esensibili\u201d. Per il loro trattamento la legge richiede una specifica manifestazione di consenso.<\/p>\n<p>Per quanto riguarda ciascuna delle visite sulle nostre piattaforme, potremmo raccogliere, in conformit\u00e0 con le leggi vigenti e se necessario con il consenso dell\u2019utente, informazioni relative ai dispositivi in uso e alle reti alle quali si \u00e8 connessi quando si utilizzano i nostri servizi. Ci\u00f2 pu\u00f2 includere le seguenti informazioni: indirizzo IP, informazioni di login, tipo e versione del browser, tipi e versioni dei plug-in del browser, sistema operativo e piattaforma, identificativo pubblicit\u00e0, informazioni sulla visita compreso il clickstream URL a, per e dalle nostre Piattaforme, prodotti visualizzati o cercati, errori di download, durata delle visite a determinate pagine, interazione nelle pagine e qualsiasi numero di telefono utilizzato per chiamare il nostro numero del servizio clienti. Raccogliamo queste informazioni tramite l\u2019utilizzo di varie tecnologie tra cui i cookie (per ulteriori informazioni fare riferimento alla nostra Informativa sui cookie).<\/p>\n<p>2. Conservazione dei dati<\/p>\n<p>Per quanto riguarda lo spazio temporale della conservazione dei dati la invitiamo a cliccare su sezione cookies<\/p>\n<p>Modalit\u00e0 di trattamento:<\/p>\n<p>Il trattamento potr\u00e0 effettuarsi con o senza l\u2019ausilio di mezzi elettronici e comunque automatizzati e comprender\u00e0 tutte le operazioni previste e necessarie al trattamento in questione. Comunque il trattamento sar\u00e0 effettuato nell\u2019osservanza di ogni misura cautelativa, che ne garantisca la sicurezza e la riservatezza.<\/p>\n<p>Advertising online<\/p>\n<p>Per offrire pubblicit\u00e0 basata sui suoi interessi e visualizzare pubblicit\u00e0 online mirata basata sull&#8217;uso dei cookies, possiamo anche combinare i dati raccolti tramite i cookies con altri dati che abbiamo raccolto. Se non desidera che nessuna informazione venga elaborata attraverso l&#8217;uso dei cookies, consulti la nostra sezione cookies in cui le viene spiegato come controllarli e disattivarli. Le ricordiamo che l&#8217;esclusione dalla pubblicit\u00e0 basata sugli interessi non impedir\u00e0 la visualizzazione degli annunci pubblicitari, che non saranno basati sui suoi interessi.<\/p>\n<p>Terze parti che operano come responsabili del trattamento su esplicito mandato della societ\u00e1 per lo svolgimento delle attivit\u00e1 contrattuali concordate, garantiscono di non memorizzare alcun dato ricevuto dalla societ\u00e1 e di non farne uso per altri scopi. I nostri partner sono contrattualmente tenuti a utilizzare gli stessi standard di privacy e sicurezza e ci assicuriamo che vengano rispettati.<\/p>\n<p>Dati di navigazione Internet:<\/p>\n<p>I sistemi informatici e le procedure software preposte al funzionamento del sito web www.unterhoferholz.eu acquisiscono, nel corso del loro normale esercizio, alcuni dati personali, la cui trasmissione \u00e8 implicita nell&#8217;uso dei protocolli di comunicazione di Internet.<\/p>\n<p>Si tratta di informazioni che non sono raccolte per essere associate a interessati identificati, ma che per loro stessa natura potrebbero, attraverso elaborazioni ed associazioni con dati detenuti da terzi, permettere di identificare gli utenti. In questa categoria di dati rientrano gli indirizzi IP o i nomi di dominio dei computer utilizzati dagli utenti che si connettono al sito, gli indirizzi in notazione URI (Uniform Resource Identifier) delle risorse richieste, l&#8217;orario della richiesta ed altri parametri relativi al sistema operativo e all\u2019ambiente informatico dell&#8217;utente.<\/p>\n<p>Questi dati vengono utilizzati al solo fine di ricavare informazioni statistiche anonime sull&#8217;uso del sito e per controllarne il corretto funzionamento. I dati in questione potrebbero essere utilizzati per l&#8217;accertamento di responsabilit\u00e0 in caso di eventuali reati informatici ai danni del nostro sito.<\/p>\n<p>Trasferimento dei dati all\u2019estero:<\/p>\n<p>Potremmo avere bisogno di trasferire le sue informazioni ai fornitori di servizi in paesi extra-europei (EEA). L\u2018EEA \u00e8 costituito dai paesi dell&#8217;Unione Europea e da Svizzera, Islanda, Liechtenstein e Norvegia che sono considerati paesi con leggi equivalenti per quanto riguarda la protezione dei dati e la privacy. Questo tipo di trasferimento dei dati pu\u00f2 verificarsi se i nostri server (ovvero dove memorizziamo i dati) o i nostri fornitori e fornitori di servizi si trovano al di fuori dell\u2019EEA o se utilizzi i nostri prodotti e servizi durante la tua permanenza in paesi al di fuori di questa area.<\/p>\n<p>La lista aggiornata dei paesi terzi a cui la societ\u00e1 potr\u00e1 trasferire i dati \u00e8 sempre disponibile consultabile dietro espressa richiesta al titolare del trattamento.<\/p>\n<p>Quando avviene un tale trasferimento, ci assicuriamo che si svolga in conformit\u00e0 alla presente informativa sulla privacy e che sia regolato da clausole contrattuali standard approvate dalla commissione europea e che garantiscano una protezione adeguata per gli interessati.<\/p>\n<p>Diritti dell\u2019interessato:<\/p>\n<p>Il Regolamento Europeo 679\/2016 sul trattamento dei dati personali conferisce agli interessati l\u2019esercizio di specifici diritti. In particolare pu\u00f2 ottenere dal titolare la conferma dell\u2019esistenza o meno di propri dati personali che lo riguardano e la loro comunicazione in forma intelligibile. L\u2019interessato pu\u00f2 altres\u00ec chiedere di conoscere l\u2019origine dei dati, le finalit\u00e0 e modalit\u00e0 del trattamento nonch\u00e9 la logica applicata in caso trattamento effettuato con l\u2019ausilio di strumenti elettronici, l\u2019identificazione degli estremi identificativi del titolare, dei responsabili nominati e dei soggetti e categorie di soggetti ai quali i dati possono essere comunicati o che possono venire a conoscenza.<\/p>\n<p>L\u2019interessato ha il diritto di ottenere l\u2019aggiornamento, la rettificazione e l\u2019integrazione, ovvero la cancellazione, la trasformazione in via anonima o il blocco dei dati trattati in violazione di legge. L\u2019interessato ha diritto di opporsi, in tutto o in parte, per motivi legittimi, al trattamento dei dati personali che lo riguardano, e senza motivo al trattamento dei dati che lo riguardano a fini di invio di materiale pubblicitario o di vendita diretta o per il compimento di ricerche di mercato o di comunicazione commerciale.<\/p>\n<p>Inoltre, a partire dal 25 maggio 2018 avr\u00e1 diritto alla portabilit\u00e1 dei dati. Per ulteriori informazioni la invitiamo a prendere contatto con il titolare del trattamento.<\/p>\n<p>Se ritiene che i propri diritti siano stati violati, l\u2019utente ha inoltre il diritto di presentare un reclamo all\u2019autorit\u00e0 di controllo della protezione dei dati competente &#8211; Garante della Privacy\u00a0&#8211; o adire le vie legali.<\/p>\n<p>I diritti in oggetto possono essere esercitati, anche per il tramite di un incaricato, mediante richiesta rivolta al responsabile del trattamento <b>UNTERHOFER HOLZ, <\/b>Unterhofer Holz des Unterhofer Thomas, I-39054 Klobenstein\/Collalbo (Ritten\/Renon), S\u00fcdtirol\/Alto Adige, Dolomitenweg\/Via delle Dolomiti 13 &#8211; con lettera raccomandata o eMail all\u2019indirizzo info@unterhoferholz.eu<\/p>\n<p>Titolare del trattamento:<\/p>\n<p><b>UNTERHOFER HOLZ<br \/>\n<\/b>Unterhofer Holz des Unterhofer Thomas<br \/>\nI-39054 Klobenstein\/Collalbo (Ritten\/Renon)<br \/>\nS\u00fcdtirol\/Alto Adige<br \/>\nDolomitenweg\/Via delle Dolomiti 13<br \/>\nE-Mail: info@unterhoferholz.eu<br \/>\nPEC-Mail: unterhoferthomas@secure-pec.it<br \/>\nWeb: www.unterhoferholz.eu<br \/>\nMwSt. Nr.\/Part. IVA:\u00a002992790218<br \/>\nSteuernummer\/Codice Fiscale:\u00a0NTRTMS82B15A952M<\/p>\n<p>Che cosa \u00e8 un cookie?<\/p>\n<p>Un Cookie \u00e8 un file di testo, il quale viene salvato durante l\u2019accesso in un sito Web sul Vostro PC, Tablet o Smartphone. I cookies rendono possibile di ricaricare il contenuto del sito con le impostazioni preferite dell\u2019ultimo accesso (lingua, grandezza del carattere ed altro). I cookie del nostro sito non vengono utilizzati per raccogliere informazioni personali del visitatore e non rappresentano nessun rischio di sicurezza.<\/p>\n<p>Sepcificazione dei vari tipi di Cookie:<\/p>\n<p>Cookie tecnici [ non \u00e8 richiesto il consenso dell&#8217;utente ]<\/p>\n<p>Tra i cos\u00ec detti cookie tecnici, segnaliamo i cookie essenziali, che abilitano funzioni, senza le quali non sarebbe possibile utilizzare appieno questo sito. Questi cookie vengono impiegati esclusivamente per questo sito e sono quindi cookie di prima parte. Vengono salvati sul computer dell\u2019utente solo durante la sessione attuale. Rientrano, altres\u00ec, nell\u2019ambito dei cookie tecnici anche i cookies \u201canalytics\u201d, utilizzati per analizzare statisticamente gli accessi o le visite al sito, che perseguono esclusivamente scopi statistici e raccolgono informazioni in forma aggregata senza possibilit\u00e0 di risalire all\u2019identificazione del singolo utente.<\/p>\n<p>Cookie di profilazione [ \u00e8 richiesto il consenso dell&#8217;utente ]<\/p>\n<p>I cookie di profilazione vengono utilizzati per raccogliere informazioni relative all&#8217;utente, al fine di inviare messaggi pubblicitari in linea con le preferenze manifestate dallo stesso nell&#8217;ambito della navigazione in rete.<\/p>\n<p>Cookie di terze parti<\/p>\n<p>Trattandosi di cookie di siti diversi da questo sito, utilizzati per finalit\u00e0 proprie di dette terze parti, le relative informazioni e modalit\u00e0 per prestare o negare il proprio consenso, sono disponibili cliccando i link presenti nella seguente lista dei cookie.<\/p>\n<p><a href=\"https:\/\/www.google.com\/intl\/de\/policies\/technologies\/cookies\/\">Youtube, Google Analytics, Google Maps, Google Plus<\/a>, <a href=\"https:\/\/www.facebook.com\/help\/cookies\/\">Facebook<\/a>, <a href=\"https:\/\/www.cleverreach.com\/privacy\">Cleverreach<\/a><\/p>\n<p>Controllo per l\u2019utilizzo dei Cookies<\/p>\n<p>Quasi tutti i browser offrono la possibilit\u00e0 di disattivare i Cookies. Dopo la disattivazione dei Cookies non \u00e8 possibile garantire il funzionamento corretto del sito web<\/p>\n<p>Guida per la disattivazione dei Cookies nei browser comuni:<\/p>\n<p>Firefox:<br \/>\nApri Firefox<br \/>\nPremi il pulsante \u201cAlt\u201d sulla tastiera<br \/>\nNella barra degli strumenti situata nella parte superiore del browser, seleziona \u201cStrumenti\u201d e successivamente \u201cOpzioni\u201d<br \/>\nSeleziona quindi la scheda \u201cPrivacy\u201d<br \/>\nVai su \u201cImpostazioni Cronologia:\u201d e successivamente su \u201cUtilizza impostazioni personalizzate\u201d . Deseleziona \u201cAccetta i cookie dai siti\u201d e salva le preferenze.<\/p>\n<p>Internet Explorer:<br \/>\nApri Internet Explorer<br \/>\nClicca sul pulsante \u201cStrumenti\u201d e quindi su \u201cOpzioni Internet\u201d<br \/>\nSeleziona la scheda \u201cPrivacy\u201d e sposta il dispositivo di scorrimento sul livello di privacy che desideri impostare (verso l\u2019alto per bloccare tutti i cookies o verso il basso per consentirli tutti)<br \/>\nQuindi clicca su OK<\/p>\n<p>Google Chrome:<br \/>\nApri Google ChromeClic<br \/>\nca sull&#8217;icona \u201cStrumenti\u201d<br \/>\nSeleziona \u201cImpostazioni\u201d e successivamente \u201cImpostazioni avanzate\u201d<br \/>\nSeleziona \u201cImpostazioni dei contenuti\u201d sotto la voce \u201cPrivacy\u201d<br \/>\nNella scheda \u201cCookies\u201d \u00e8 possibile deselezionare i cookies e salvare le preferenze<\/p>\n<p>Safari:<br \/>\nApri Safari<br \/>\nScegli \u201cPreferenze\u201d nella barra degli strumenti, quindi seleziona il pannello \u201cSicurezza\u201d nella finestra di dialogo che segue<br \/>\nNella sezione \u201cAccetta cookie\u201d \u00e8 possibile specificare se e quando Safari deve salvare i cookies dai siti web. Per ulteriori informazioni clicca sul pulsante di Aiuto ( contrassegnato da un punto interrogativo)<\/p>\n<p>Per maggiori informazioni sui cookies che vengono memorizzati sul vostro computer, clicca su \u201cMostra cookie\u201d<\/p>\n<p>Maggiori informazioni sulla tematica dei Cookie trovate anche su: <a href=\"https:\/\/www.allaboutcookies.org\/\">www.allaboutcookies.org<\/a> o su <a href=\"https:\/\/www.youronlinechoices.eu\/\">www.youronlinechoices.eu<\/a><\/p>\n<div class=\"fusion-one-half fusion-layout-column fusion-spacing-yes\" style=\"margin-top:0px;margin-bottom:20px;\"><div class=\"fusion-column-wrapper\"><p id=\"tw-target-text\" class=\"tw-data-text tw-ta tw-text-medium\" dir=\"ltr\" data-placeholder=\"\u00dcbersetzung\"><strong><span lang=\"it\">Proprietario del sito:<\/span><\/strong><\/p>\n<p><strong>UNTERHOFER HOLZ<br \/>\n<\/strong>Unterhofer Holz des Unterhofer Thomas<\/p>\n<p>I-39054 Klobenstein\/Collalbo (Ritten\/Renon)<br \/>\nS\u00fcdtirol\/Alto Adige<br \/>\nDolomitenweg\/Via delle Dolomiti 13<\/p>\n<p>Thomas Unterhofer: 335\/1825415<\/p>\n<p>E-Mail: info@unterhoferholz.eu<br \/>\nPEC-Mail:\u00a0unterhoferthomas@secure-pec.it<\/p>\n<p>Web: www.unterhoferholz.eu<\/p>\n<p>MwSt. Nr.\/Part. IVA:\u00a002992790218<br \/>\nSteuernummer\/Codice Fiscale:\u00a0NTRTMS82B15A952M<\/p>\n<div class=\"fusion-clearfix\"><\/div><\/div><\/div><div class=\"fusion-one-half fusion-layout-column fusion-column-last fusion-spacing-yes\" style=\"margin-top:0px;margin-bottom:20px;\"><div class=\"fusion-column-wrapper\"><p id=\"tw-target-text\" class=\"tw-data-text tw-ta tw-text-medium\" dir=\"ltr\" data-placeholder=\"\u00dcbersetzung\"><strong><span lang=\"it\">Design &amp; Concept &amp; realizzazione:<\/span><\/strong><\/p>\n<p><strong>ROGAA Design<\/strong><br \/>\nWeb: <a href=\"mailto:info@rogaadesign.eu\">www.rogaadesign.eu<br \/>\n<\/a><\/p>\n<p><strong>Imagini:<\/strong><\/p>\n<p>Unterhofer Archiv\u00a0&amp; 123RF<\/p>\n<div class=\"fusion-clearfix\"><\/div><\/div><\/div><div class=\"fusion-clearfix\"><\/div><\/div><\/div><div class=\"imageframe-align-center\"><span class=\"fusion-imageframe imageframe-none imageframe-1 hover-type-none\"> <img src=\"https:\/\/www.unterhoferholz.eu\/rogaa16\/wp-content\/uploads\/2014\/12\/\u00a9-UNTERHOFER-Holz-Holz-1024x223.png\" alt=\"\" class=\"img-responsive\"\/><\/span><\/div>\n","protected":false},"excerpt":{"rendered":"","protected":false},"author":1,"featured_media":0,"parent":0,"menu_order":0,"comment_status":"closed","ping_status":"closed","template":"100-width.php","meta":[],"yoast_head":"<!-- This site is optimized with the Yoast SEO plugin v18.1 - https:\/\/yoast.com\/wordpress\/plugins\/seo\/ -->\n<title>PRIVACY | UNTERHOFER HOLZ<\/title>\n<meta name=\"robots\" content=\"index, follow, max-snippet:-1, max-image-preview:large, max-video-preview:-1\" \/>\n<link rel=\"canonical\" href=\"https:\/\/www.unterhoferholz.eu\/index.php\/impressum\/\" \/>\n<meta property=\"og:locale\" content=\"de_DE\" \/>\n<meta property=\"og:type\" content=\"article\" \/>\n<meta property=\"og:title\" content=\"PRIVACY | UNTERHOFER HOLZ\" \/>\n<meta property=\"og:url\" content=\"https:\/\/www.unterhoferholz.eu\/index.php\/impressum\/?lang=it\" \/>\n<meta property=\"og:site_name\" content=\"UNTERHOFER HOLZ\" \/>\n<meta property=\"article:modified_time\" content=\"2025-03-05T11:25:53+00:00\" \/>\n<meta property=\"og:image\" content=\"https:\/\/www.unterhoferholz.eu\/rogaa16\/wp-content\/uploads\/2014\/12\/\u00a9-UNTERHOFER-Holz-Holz-1024x223.png\" \/>\n<meta name=\"twitter:card\" content=\"summary_large_image\" \/>\n<meta name=\"twitter:label1\" content=\"Gesch\u00e4tzte Lesezeit\" \/>\n\t<meta name=\"twitter:data1\" content=\"13\u00a0Minuten\" \/>\n<script type=\"application\/ld+json\" class=\"yoast-schema-graph\">{\"@context\":\"https:\/\/schema.org\",\"@graph\":[{\"@type\":\"Organization\",\"@id\":\"https:\/\/www.unterhoferholz.eu\/#organization\",\"name\":\"Unterhofer Holz\",\"url\":\"https:\/\/www.unterhoferholz.eu\/\",\"sameAs\":[],\"logo\":{\"@type\":\"ImageObject\",\"@id\":\"https:\/\/www.unterhoferholz.eu\/#logo\",\"inLanguage\":\"de\",\"url\":\"https:\/\/www.unterhoferholz.eu\/rogaa16\/wp-content\/uploads\/2016\/12\/UNTERHOFER-HOLZ-Logo-1.png\",\"contentUrl\":\"https:\/\/www.unterhoferholz.eu\/rogaa16\/wp-content\/uploads\/2016\/12\/UNTERHOFER-HOLZ-Logo-1.png\",\"width\":300,\"height\":83,\"caption\":\"Unterhofer Holz\"},\"image\":{\"@id\":\"https:\/\/www.unterhoferholz.eu\/#logo\"}},{\"@type\":\"WebSite\",\"@id\":\"https:\/\/www.unterhoferholz.eu\/#website\",\"url\":\"https:\/\/www.unterhoferholz.eu\/\",\"name\":\"UNTERHOFER HOLZ\",\"description\":\"Qualit\u00e4tsholz aus S\u00fcdtirol ...\",\"publisher\":{\"@id\":\"https:\/\/www.unterhoferholz.eu\/#organization\"},\"potentialAction\":[{\"@type\":\"SearchAction\",\"target\":{\"@type\":\"EntryPoint\",\"urlTemplate\":\"https:\/\/www.unterhoferholz.eu\/?s={search_term_string}\"},\"query-input\":\"required name=search_term_string\"}],\"inLanguage\":\"de\"},{\"@type\":\"ImageObject\",\"@id\":\"https:\/\/www.unterhoferholz.eu\/index.php\/impressum\/?lang=it#primaryimage\",\"inLanguage\":\"de\",\"url\":\"https:\/\/www.unterhoferholz.eu\/rogaa16\/wp-content\/uploads\/2014\/12\/\u00a9-UNTERHOFER-Holz-Holz.png\",\"contentUrl\":\"https:\/\/www.unterhoferholz.eu\/rogaa16\/wp-content\/uploads\/2014\/12\/\u00a9-UNTERHOFER-Holz-Holz.png\",\"width\":1024,\"height\":223,\"caption\":\"\u00a9 123RF\"},{\"@type\":\"WebPage\",\"@id\":\"https:\/\/www.unterhoferholz.eu\/index.php\/impressum\/?lang=it#webpage\",\"url\":\"https:\/\/www.unterhoferholz.eu\/index.php\/impressum\/?lang=it\",\"name\":\"PRIVACY | UNTERHOFER HOLZ\",\"isPartOf\":{\"@id\":\"https:\/\/www.unterhoferholz.eu\/#website\"},\"primaryImageOfPage\":{\"@id\":\"https:\/\/www.unterhoferholz.eu\/index.php\/impressum\/?lang=it#primaryimage\"},\"datePublished\":\"2016-12-20T05:36:15+00:00\",\"dateModified\":\"2025-03-05T11:25:53+00:00\",\"breadcrumb\":{\"@id\":\"https:\/\/www.unterhoferholz.eu\/index.php\/impressum\/?lang=it#breadcrumb\"},\"inLanguage\":\"de\",\"potentialAction\":[{\"@type\":\"ReadAction\",\"target\":[\"https:\/\/www.unterhoferholz.eu\/index.php\/impressum\/?lang=it\"]}]},{\"@type\":\"BreadcrumbList\",\"@id\":\"https:\/\/www.unterhoferholz.eu\/index.php\/impressum\/?lang=it#breadcrumb\",\"itemListElement\":[{\"@type\":\"ListItem\",\"position\":1,\"name\":\"Startseite\",\"item\":\"https:\/\/www.unterhoferholz.eu\/\"},{\"@type\":\"ListItem\",\"position\":2,\"name\":\"PRIVACY\"}]}]}<\/script>\n<!-- \/ Yoast SEO plugin. -->","yoast_head_json":{"title":"PRIVACY | UNTERHOFER HOLZ","robots":{"index":"index","follow":"follow","max-snippet":"max-snippet:-1","max-image-preview":"max-image-preview:large","max-video-preview":"max-video-preview:-1"},"canonical":"https:\/\/www.unterhoferholz.eu\/index.php\/impressum\/","og_locale":"de_DE","og_type":"article","og_title":"PRIVACY | UNTERHOFER HOLZ","og_url":"https:\/\/www.unterhoferholz.eu\/index.php\/impressum\/?lang=it","og_site_name":"UNTERHOFER HOLZ","article_modified_time":"2025-03-05T11:25:53+00:00","og_image":[{"url":"https:\/\/www.unterhoferholz.eu\/rogaa16\/wp-content\/uploads\/2014\/12\/\u00a9-UNTERHOFER-Holz-Holz-1024x223.png"}],"twitter_card":"summary_large_image","twitter_misc":{"Gesch\u00e4tzte Lesezeit":"13\u00a0Minuten"},"schema":{"@context":"https:\/\/schema.org","@graph":[{"@type":"Organization","@id":"https:\/\/www.unterhoferholz.eu\/#organization","name":"Unterhofer Holz","url":"https:\/\/www.unterhoferholz.eu\/","sameAs":[],"logo":{"@type":"ImageObject","@id":"https:\/\/www.unterhoferholz.eu\/#logo","inLanguage":"de","url":"https:\/\/www.unterhoferholz.eu\/rogaa16\/wp-content\/uploads\/2016\/12\/UNTERHOFER-HOLZ-Logo-1.png","contentUrl":"https:\/\/www.unterhoferholz.eu\/rogaa16\/wp-content\/uploads\/2016\/12\/UNTERHOFER-HOLZ-Logo-1.png","width":300,"height":83,"caption":"Unterhofer Holz"},"image":{"@id":"https:\/\/www.unterhoferholz.eu\/#logo"}},{"@type":"WebSite","@id":"https:\/\/www.unterhoferholz.eu\/#website","url":"https:\/\/www.unterhoferholz.eu\/","name":"UNTERHOFER HOLZ","description":"Qualit\u00e4tsholz aus S\u00fcdtirol ...","publisher":{"@id":"https:\/\/www.unterhoferholz.eu\/#organization"},"potentialAction":[{"@type":"SearchAction","target":{"@type":"EntryPoint","urlTemplate":"https:\/\/www.unterhoferholz.eu\/?s={search_term_string}"},"query-input":"required name=search_term_string"}],"inLanguage":"de"},{"@type":"ImageObject","@id":"https:\/\/www.unterhoferholz.eu\/index.php\/impressum\/?lang=it#primaryimage","inLanguage":"de","url":"https:\/\/www.unterhoferholz.eu\/rogaa16\/wp-content\/uploads\/2014\/12\/\u00a9-UNTERHOFER-Holz-Holz.png","contentUrl":"https:\/\/www.unterhoferholz.eu\/rogaa16\/wp-content\/uploads\/2014\/12\/\u00a9-UNTERHOFER-Holz-Holz.png","width":1024,"height":223,"caption":"\u00a9 123RF"},{"@type":"WebPage","@id":"https:\/\/www.unterhoferholz.eu\/index.php\/impressum\/?lang=it#webpage","url":"https:\/\/www.unterhoferholz.eu\/index.php\/impressum\/?lang=it","name":"PRIVACY | UNTERHOFER HOLZ","isPartOf":{"@id":"https:\/\/www.unterhoferholz.eu\/#website"},"primaryImageOfPage":{"@id":"https:\/\/www.unterhoferholz.eu\/index.php\/impressum\/?lang=it#primaryimage"},"datePublished":"2016-12-20T05:36:15+00:00","dateModified":"2025-03-05T11:25:53+00:00","breadcrumb":{"@id":"https:\/\/www.unterhoferholz.eu\/index.php\/impressum\/?lang=it#breadcrumb"},"inLanguage":"de","potentialAction":[{"@type":"ReadAction","target":["https:\/\/www.unterhoferholz.eu\/index.php\/impressum\/?lang=it"]}]},{"@type":"BreadcrumbList","@id":"https:\/\/www.unterhoferholz.eu\/index.php\/impressum\/?lang=it#breadcrumb","itemListElement":[{"@type":"ListItem","position":1,"name":"Startseite","item":"https:\/\/www.unterhoferholz.eu\/"},{"@type":"ListItem","position":2,"name":"PRIVACY"}]}]}},"_links":{"self":[{"href":"https:\/\/www.unterhoferholz.eu\/index.php\/wp-json\/wp\/v2\/pages\/1526"}],"collection":[{"href":"https:\/\/www.unterhoferholz.eu\/index.php\/wp-json\/wp\/v2\/pages"}],"about":[{"href":"https:\/\/www.unterhoferholz.eu\/index.php\/wp-json\/wp\/v2\/types\/page"}],"author":[{"embeddable":true,"href":"https:\/\/www.unterhoferholz.eu\/index.php\/wp-json\/wp\/v2\/users\/1"}],"replies":[{"embeddable":true,"href":"https:\/\/www.unterhoferholz.eu\/index.php\/wp-json\/wp\/v2\/comments?post=1526"}],"version-history":[{"count":9,"href":"https:\/\/www.unterhoferholz.eu\/index.php\/wp-json\/wp\/v2\/pages\/1526\/revisions"}],"predecessor-version":[{"id":1655,"href":"https:\/\/www.unterhoferholz.eu\/index.php\/wp-json\/wp\/v2\/pages\/1526\/revisions\/1655"}],"wp:attachment":[{"href":"https:\/\/www.unterhoferholz.eu\/index.php\/wp-json\/wp\/v2\/media?parent=1526"}],"curies":[{"name":"wp","href":"https:\/\/api.w.org\/{rel}","templated":true}]}}